{"id":2200,"date":"2023-10-10T17:59:06","date_gmt":"2023-10-10T15:59:06","guid":{"rendered":"https:\/\/www.ensperu.org\/?page_id=2200"},"modified":"2023-10-12T22:19:29","modified_gmt":"2023-10-12T20:19:29","slug":"temas-de-estudio-copy","status":"publish","type":"page","link":"https:\/\/www.ensperu.org\/?page_id=2200","title":{"rendered":"Documentos"},"content":{"rendered":"\t\t<div data-elementor-type=\"wp-page\" data-elementor-id=\"2200\" class=\"elementor elementor-2200\">\n\t\t\t\t\t\t\t<div class=\"elementor-element elementor-element-cbe01be e-flex e-con-boxed wpr-particle-no wpr-jarallax-no wpr-parallax-no wpr-sticky-section-no e-con e-parent\" data-id=\"cbe01be\" data-element_type=\"container\" data-settings=\"{&quot;background_background&quot;:&quot;classic&quot;,&quot;shape_divider_bottom&quot;:&quot;opacity-tilt&quot;,&quot;content_width&quot;:&quot;boxed&quot;}\" data-core-v316-plus=\"true\">\n\t\t\t\t\t<div class=\"e-con-inner\">\n\t\t\t\t<div class=\"elementor-shape elementor-shape-bottom\" data-negative=\"false\">\n\t\t\t<svg xmlns=\"http:\/\/www.w3.org\/2000\/svg\" viewBox=\"0 0 2600 131.1\" preserveAspectRatio=\"none\">\n\t<path class=\"elementor-shape-fill\" d=\"M0 0L2600 0 2600 69.1 0 0z\"\/>\n\t<path class=\"elementor-shape-fill\" style=\"opacity:0.5\" d=\"M0 0L2600 0 2600 69.1 0 69.1z\"\/>\n\t<path class=\"elementor-shape-fill\" style=\"opacity:0.25\" d=\"M2600 0L0 0 0 130.1 2600 69.1z\"\/>\n<\/svg>\t\t<\/div>\n\t\t<div class=\"elementor-element elementor-element-1d7d6bf e-con-full e-flex wpr-particle-no wpr-jarallax-no wpr-parallax-no wpr-sticky-section-no e-con e-child\" data-id=\"1d7d6bf\" data-element_type=\"container\" data-settings=\"{&quot;content_width&quot;:&quot;full&quot;}\">\n\t\t\t\t<div class=\"elementor-element elementor-element-eef79e7 elementor-widget__width-initial elementor-invisible elementor-widget elementor-widget-heading\" data-id=\"eef79e7\" data-element_type=\"widget\" data-settings=\"{&quot;_animation&quot;:&quot;zoomIn&quot;}\" data-widget_type=\"heading.default\">\n\t\t\t\t<div class=\"elementor-widget-container\">\n\t\t\t<style>\/*! elementor - v3.16.0 - 09-10-2023 *\/\n.elementor-heading-title{padding:0;margin:0;line-height:1}.elementor-widget-heading .elementor-heading-title[class*=elementor-size-]>a{color:inherit;font-size:inherit;line-height:inherit}.elementor-widget-heading .elementor-heading-title.elementor-size-small{font-size:15px}.elementor-widget-heading .elementor-heading-title.elementor-size-medium{font-size:19px}.elementor-widget-heading .elementor-heading-title.elementor-size-large{font-size:29px}.elementor-widget-heading .elementor-heading-title.elementor-size-xl{font-size:39px}.elementor-widget-heading .elementor-heading-title.elementor-size-xxl{font-size:59px}<\/style><h1 class=\"elementor-heading-title elementor-size-default\">Documentos<\/h1>\t\t<\/div>\n\t\t\t\t<\/div>\n\t\t\t\t<div class=\"elementor-element elementor-element-319c4f2 elementor-widget__width-initial elementor-invisible elementor-widget elementor-widget-heading\" data-id=\"319c4f2\" data-element_type=\"widget\" data-settings=\"{&quot;_animation&quot;:&quot;zoomIn&quot;}\" data-widget_type=\"heading.default\">\n\t\t\t\t<div class=\"elementor-widget-container\">\n\t\t\t<h3 class=\"elementor-heading-title elementor-size-default\">\"No Tengan Miedo, Salgamos\"\u201d<br>\n (Orientaci\u00f3n General 2018 - 2024:)<\/h3>\t\t<\/div>\n\t\t\t\t<\/div>\n\t\t\t\t<\/div>\n\t\t<div class=\"elementor-element elementor-element-0b5a737 e-con-full e-flex wpr-particle-no wpr-jarallax-no wpr-parallax-no wpr-sticky-section-no e-con e-child\" data-id=\"0b5a737\" data-element_type=\"container\" data-settings=\"{&quot;content_width&quot;:&quot;full&quot;}\">\n\t\t\t\t<\/div>\n\t\t\t\t\t<\/div>\n\t\t\t\t<\/div>\n\t\t<div class=\"elementor-element elementor-element-be3943e e-flex e-con-boxed wpr-particle-no wpr-jarallax-no wpr-parallax-no wpr-sticky-section-no e-con e-parent\" data-id=\"be3943e\" data-element_type=\"container\" data-settings=\"{&quot;content_width&quot;:&quot;boxed&quot;}\" data-core-v316-plus=\"true\">\n\t\t\t\t\t<div class=\"e-con-inner\">\n\t\t<div class=\"elementor-element elementor-element-c10477f e-flex e-con-boxed wpr-particle-no wpr-jarallax-no wpr-parallax-no wpr-sticky-section-no e-con e-child\" data-id=\"c10477f\" data-element_type=\"container\" data-settings=\"{&quot;content_width&quot;:&quot;boxed&quot;}\">\n\t\t\t\t\t<div class=\"e-con-inner\">\n\t\t\t\t<div class=\"elementor-element elementor-element-a7b7b0a elementor-widget elementor-widget-heading\" data-id=\"a7b7b0a\" data-element_type=\"widget\" data-widget_type=\"heading.default\">\n\t\t\t\t<div class=\"elementor-widget-container\">\n\t\t\t<h1 class=\"elementor-heading-title elementor-size-default\">Documentos del Movimiento<\/h1>\t\t<\/div>\n\t\t\t\t<\/div>\n\t\t\t\t<div class=\"elementor-element elementor-element-2a48058 elementor-widget elementor-widget-text-editor\" data-id=\"2a48058\" data-element_type=\"widget\" data-widget_type=\"text-editor.default\">\n\t\t\t\t<div class=\"elementor-widget-container\">\n\t\t\t<style>\/*! elementor - v3.16.0 - 09-10-2023 *\/\n.elementor-widget-text-editor.elementor-drop-cap-view-stacked .elementor-drop-cap{background-color:#69727d;color:#fff}.elementor-widget-text-editor.elementor-drop-cap-view-framed .elementor-drop-cap{color:#69727d;border:3px solid;background-color:transparent}.elementor-widget-text-editor:not(.elementor-drop-cap-view-default) .elementor-drop-cap{margin-top:8px}.elementor-widget-text-editor:not(.elementor-drop-cap-view-default) .elementor-drop-cap-letter{width:1em;height:1em}.elementor-widget-text-editor .elementor-drop-cap{float:left;text-align:center;line-height:1;font-size:50px}.elementor-widget-text-editor .elementor-drop-cap-letter{display:inline-block}<\/style>\t\t\t\t<p>Presentamos los documentos para la formaci\u00f3n en los Equipos de Nuestra Se\u00f1ora, clasificados seg\u00fan la etapa de formaci\u00f3n en la que se encuentra el equipo.<\/p>\t\t\t\t\t\t<\/div>\n\t\t\t\t<\/div>\n\t\t\t\t\t<\/div>\n\t\t\t\t<\/div>\n\t\t\t\t\t<\/div>\n\t\t\t\t<\/div>\n\t\t<div class=\"elementor-element elementor-element-fa60bcf e-flex e-con-boxed wpr-particle-no wpr-jarallax-no wpr-parallax-no wpr-sticky-section-no e-con e-parent\" data-id=\"fa60bcf\" data-element_type=\"container\" data-settings=\"{&quot;content_width&quot;:&quot;boxed&quot;}\" data-core-v316-plus=\"true\">\n\t\t\t\t\t<div class=\"e-con-inner\">\n\t\t<div class=\"elementor-element elementor-element-bab55c2 e-con-full e-flex wpr-particle-no wpr-jarallax-no wpr-parallax-no wpr-sticky-section-no e-con e-child\" data-id=\"bab55c2\" data-element_type=\"container\" data-settings=\"{&quot;content_width&quot;:&quot;full&quot;}\">\n\t\t\t\t<div class=\"elementor-element elementor-element-c91e071 elementor-widget elementor-widget-heading\" data-id=\"c91e071\" data-element_type=\"widget\" data-widget_type=\"heading.default\">\n\t\t\t\t<div class=\"elementor-widget-container\">\n\t\t\t<h2 class=\"elementor-heading-title elementor-size-default\">Documentos Fundacionales<\/h2>\t\t<\/div>\n\t\t\t\t<\/div>\n\t\t\t\t<div class=\"elementor-element elementor-element-610c882 elementor-widget elementor-widget-text-editor\" data-id=\"610c882\" data-element_type=\"widget\" data-widget_type=\"text-editor.default\">\n\t\t\t\t<div class=\"elementor-widget-container\">\n\t\t\t\t\t\t\t<p>Son los documentos b\u00e1sicos del movimiento que se\u00f1alan los fundamentos sobre los cuales se establece la norma y el esp\u00edritu para la vida de los Equipos de Nuestra Se\u00f1ora.<\/p>\t\t\t\t\t\t<\/div>\n\t\t\t\t<\/div>\n\t\t\t\t<div class=\"elementor-element elementor-element-54ef344 elementor-widget elementor-widget-text-editor\" data-id=\"54ef344\" data-element_type=\"widget\" data-widget_type=\"text-editor.default\">\n\t\t\t\t<div class=\"elementor-widget-container\">\n\t\t\t\t\t\t\t<ul><li><a class=\"jce_file\" title=\"\u00bfQu\u00e9 es un Equipo de Nuestra Se\u00f1ora?\" href=\"http:\/\/www.equipes-notre-dame.com\/sites\/default\/files\/que_es_un_equipo_de_nuestra_senora_sept_1976_sp.pdf\" target=\"_blank\" rel=\"noopener\">\u00bfQu\u00e9 es un Equipo de Nuestra Se\u00f1ora?<\/a>\u00a0(1977)<\/li><li><a class=\"jce_file\" title=\"Gu\u00eda de los Equipos de Nuestra Se\u00f1ora\" href=\"http:\/\/www.equipes-notre-dame.com\/sites\/default\/files\/eri-010501-guide_end-sp.pdf\" target=\"_blank\" rel=\"noopener\">Gu\u00eda de los Equipos de Nuestra Se\u00f1ora<\/a>\u00a0(Mayo 2001)<\/li><li><a class=\"jce_file\" title=\"El Segundo Aliento\" href=\"http:\/\/www.equipes-notre-dame.com\/sites\/default\/files\/eri-040513-second_souffle-sp.pdf\" target=\"_blank\" rel=\"noopener\">El Segundo Aliento<\/a>\u00a0(Setiembre 1988)<\/li><li><a class=\"jce_file\" title=\"Estatutos Can\u00f3nicos de los Equipos de Nuestra Se\u00f1ora\" href=\"http:\/\/www.equipes-notre-dame.com\/sites\/default\/files\/statuts-2014.pdf\" target=\"_blank\" rel=\"noopener\">Estatutos Can\u00f3nicos de los Equipos de Nuestra Se\u00f1ora<\/a>\u00a0(Marzo 2002)<\/li><li><a class=\"jce_file\" title=\"Decreto de Reconocimiento de la Santa Sede\" href=\"http:\/\/www.equipes-notre-dame.com\/sites\/default\/files\/eri-021021-decret_reconnaissance-sp.pdf\" target=\"_blank\" rel=\"noopener\">Decreto de Reconocimiento de la Santa Sede<\/a>\u00a0(26 julio 2002)<\/li><li><a class=\"jce_file\" title=\"Carta del Cardenal Feltin\" href=\"https:\/\/www.ensperu.org\/wp-content\/uploads\/2023\/10\/boletin-01.pdf\" target=\"_blank\" rel=\"noopener\">Carta del Cardenal Feltin<\/a>\u00a0(1960)<\/li><\/ul>\t\t\t\t\t\t<\/div>\n\t\t\t\t<\/div>\n\t\t\t\t<\/div>\n\t\t\t\t\t<\/div>\n\t\t\t\t<\/div>\n\t\t<div class=\"elementor-element elementor-element-168a189 e-flex e-con-boxed wpr-particle-no wpr-jarallax-no wpr-parallax-no wpr-sticky-section-no e-con e-parent\" data-id=\"168a189\" data-element_type=\"container\" data-settings=\"{&quot;content_width&quot;:&quot;boxed&quot;}\" data-core-v316-plus=\"true\">\n\t\t\t\t\t<div class=\"e-con-inner\">\n\t\t<div class=\"elementor-element elementor-element-cb48f0c e-con-full e-flex wpr-particle-no wpr-jarallax-no wpr-parallax-no wpr-sticky-section-no e-con e-child\" data-id=\"cb48f0c\" data-element_type=\"container\" data-settings=\"{&quot;content_width&quot;:&quot;full&quot;}\">\n\t\t\t\t<div class=\"elementor-element elementor-element-cb0a3c2 elementor-widget elementor-widget-heading\" data-id=\"cb0a3c2\" data-element_type=\"widget\" data-widget_type=\"heading.default\">\n\t\t\t\t<div class=\"elementor-widget-container\">\n\t\t\t<h2 class=\"elementor-heading-title elementor-size-default\">Orientaciones de Vida<\/h2>\t\t<\/div>\n\t\t\t\t<\/div>\n\t\t\t\t<div class=\"elementor-element elementor-element-c22e178 elementor-widget elementor-widget-text-editor\" data-id=\"c22e178\" data-element_type=\"widget\" data-widget_type=\"text-editor.default\">\n\t\t\t\t<div class=\"elementor-widget-container\">\n\t\t\t\t\t\t\t<p>Son los documentos gu\u00edas propuestos cada seis a\u00f1os por el movimiento en el desarrollo del Encuentro Internacional de los Equipos de Nuestra Se\u00f1ora.<\/p>\t\t\t\t\t\t<\/div>\n\t\t\t\t<\/div>\n\t\t\t\t<div class=\"elementor-element elementor-element-634fced elementor-widget elementor-widget-text-editor\" data-id=\"634fced\" data-element_type=\"widget\" data-widget_type=\"text-editor.default\">\n\t\t\t\t<div class=\"elementor-widget-container\">\n\t\t\t\t\t\t\t<ul><li><div><a class=\"jce_file\" title=\"Carta de Lourdes\" href=\"http:\/\/www.equipes-notre-dame.com\/sites\/default\/files\/orientations_2006-2012_-_sp.pdf\" target=\"_blank\" rel=\"noopener\">Carta de Lourdes<\/a>\u00a0(Setiembre 2006)<\/div><\/li><li><div><a class=\"jce_file\" title=\"Carta de Brasilia\" href=\"http:\/\/www.equipes-notre-dame.com\/sites\/default\/files\/lettre_de_brasilia_-_sp.pdf\" target=\"_blank\" rel=\"noopener\">Carta de Brasilia<\/a>\u00a0(Setiembre 2012)<\/div><\/li><li><a class=\"jce_file\" title=\"Estatutos Can\u00f3nicos de los Equipos de Nuestra Se\u00f1ora\" href=\"http:\/\/www.equipes-notre-dame.com\/sites\/default\/files\/statuts-2014.pdf\" target=\"_blank\" rel=\"noopener\">Estatutos Can\u00f3nicos de los Equipos de Nuestra Se\u00f1ora<\/a>\u00a0(Marzo 2002)<\/li><li><a class=\"jce_file\" title=\"Decreto de Reconocimiento de la Santa Sede\" href=\"http:\/\/www.equipes-notre-dame.com\/sites\/default\/files\/eri-021021-decret_reconnaissance-sp.pdf\" target=\"_blank\" rel=\"noopener\">Decreto de Reconocimiento de la Santa Sede<\/a>\u00a0(26 julio 2002)<\/li><li><a class=\"jce_file\" title=\"Carta del Cardenal Feltin\" href=\"http:\/\/www.equipes-notre-dame.com\/sites\/default\/files\/cfeltin1960-esp.pdf\" target=\"_blank\" rel=\"noopener\">Carta del Cardenal Feltin<\/a>\u00a0(1960)<\/li><\/ul>\t\t\t\t\t\t<\/div>\n\t\t\t\t<\/div>\n\t\t\t\t<\/div>\n\t\t\t\t\t<\/div>\n\t\t\t\t<\/div>\n\t\t<div class=\"elementor-element elementor-element-0addbe3 e-flex e-con-boxed wpr-particle-no wpr-jarallax-no wpr-parallax-no wpr-sticky-section-no e-con e-parent\" data-id=\"0addbe3\" data-element_type=\"container\" data-settings=\"{&quot;content_width&quot;:&quot;boxed&quot;}\" data-core-v316-plus=\"true\">\n\t\t\t\t\t<div class=\"e-con-inner\">\n\t\t<div class=\"elementor-element elementor-element-0fd3f0d e-con-full e-flex wpr-particle-no wpr-jarallax-no wpr-parallax-no wpr-sticky-section-no e-con e-child\" data-id=\"0fd3f0d\" data-element_type=\"container\" data-settings=\"{&quot;content_width&quot;:&quot;full&quot;}\">\n\t\t\t\t<div class=\"elementor-element elementor-element-822ac50 elementor-widget elementor-widget-heading\" data-id=\"822ac50\" data-element_type=\"widget\" data-widget_type=\"heading.default\">\n\t\t\t\t<div class=\"elementor-widget-container\">\n\t\t\t<h2 class=\"elementor-heading-title elementor-size-default\">Documentos de Organizaci\u00f3n<\/h2>\t\t<\/div>\n\t\t\t\t<\/div>\n\t\t\t\t<div class=\"elementor-element elementor-element-ca04f48 elementor-widget elementor-widget-text-editor\" data-id=\"ca04f48\" data-element_type=\"widget\" data-widget_type=\"text-editor.default\">\n\t\t\t\t<div class=\"elementor-widget-container\">\n\t\t\t\t\t\t\t<p>Son los documentos que se\u00f1alan e indican la gesti\u00f3n en los Equipos de Nuestra Se\u00f1ora.<\/p>\t\t\t\t\t\t<\/div>\n\t\t\t\t<\/div>\n\t\t\t\t<div class=\"elementor-element elementor-element-22522cd elementor-widget elementor-widget-text-editor\" data-id=\"22522cd\" data-element_type=\"widget\" data-widget_type=\"text-editor.default\">\n\t\t\t\t<div class=\"elementor-widget-container\">\n\t\t\t\t\t\t\t<ul><li><a class=\"jce_file\" title=\"Hogar Responsable de Equipo de Base\" href=\"https:\/\/www.ensperu.org\/wp-content\/uploads\/2023\/10\/el-hogar-responsable-de-equipo-de-base-_a-color_.pdf\" target=\"_blank\" rel=\"noopener\">Hogar Responsable de Equipo de Base<\/a>\u00a0\u00a0(2009)<\/li><li><a class=\"jce_file\" title=\"Hogar Responsable de Sector\" href=\"http:\/\/www.equipes-notre-dame.com\/sites\/default\/files\/eri-050905-responsable_secteur-sp.pdf\" target=\"_blank\" rel=\"noopener\">Hogar Responsable de Sector<\/a>\u00a0(2005)<\/li><li><a class=\"jce_file\" title=\"Hogar Responsable de Regi\u00f3n\" href=\"http:\/\/www.equipes-notre-dame.com\/sites\/default\/files\/eri-051101-responsable_region-sp.pdf\" target=\"_blank\" rel=\"noopener\">Hogar Responsable de Regi\u00f3n<\/a>\u00a0(2005)<\/li><li><a class=\"jce_file\" title=\"El Sacerdote Consiliario Espiritual\" href=\"http:\/\/www.equipes-notre-dame.com\/sites\/default\/files\/eri-060501-pretre_cs-sp.pdf\" target=\"_blank\" rel=\"noopener\">El Sacerdote Consiliario Espiritual<\/a>\u00a0(2006)<\/li><li><a class=\"jce_file\" title=\"La Colegialidad en los Equipos de Nuestra Se\u00f1ora\" href=\"http:\/\/www.equipes-notre-dame.com\/sites\/default\/files\/eri-2003-collegialite_sp.pdf\" target=\"_blank\" rel=\"noopener\">La Colegialidad en los Equipos de Nuestra Se\u00f1ora<\/a>\u00a0(2002)<\/li><li><a class=\"jce_file\" title=\"El Llamado al Servicio en los Equipos de Nuestra Se\u00f1ora\" href=\"http:\/\/www.equipes-notre-dame.com\/sites\/default\/files\/eri-040608-simonis-appel_aux_end-sp.pdf\" target=\"_blank\" rel=\"noopener\">El Llamado al Servicio en los Equipos de Nuestra Se\u00f1ora<\/a>\u00a0(2004)<\/li><li><a class=\"jce_file\" title=\"La Pareja de los Equipos de Nuestra Se\u00f1ora en Misi\u00f3n\" href=\"http:\/\/www.equipes-notre-dame.com\/sites\/default\/files\/eri-061026-mission_du_couple_aux_equipes_sp.pdf\" target=\"_blank\" rel=\"noopener\">La Pareja de los Equipos de Nuestra Se\u00f1ora en Misi\u00f3n<\/a>\u00a0(2005)<\/li><\/ul>\t\t\t\t\t\t<\/div>\n\t\t\t\t<\/div>\n\t\t\t\t<\/div>\n\t\t\t\t\t<\/div>\n\t\t\t\t<\/div>\n\t\t<div class=\"elementor-element elementor-element-9b04918 e-flex e-con-boxed wpr-particle-no wpr-jarallax-no wpr-parallax-no wpr-sticky-section-no e-con e-parent\" data-id=\"9b04918\" data-element_type=\"container\" data-settings=\"{&quot;content_width&quot;:&quot;boxed&quot;}\" data-core-v316-plus=\"true\">\n\t\t\t\t\t<div class=\"e-con-inner\">\n\t\t<div class=\"elementor-element elementor-element-e20a720 e-con-full e-flex wpr-particle-no wpr-jarallax-no wpr-parallax-no wpr-sticky-section-no e-con e-child\" data-id=\"e20a720\" data-element_type=\"container\" data-settings=\"{&quot;content_width&quot;:&quot;full&quot;}\">\n\t\t\t\t<div class=\"elementor-element elementor-element-0e2f1ce elementor-widget elementor-widget-heading\" data-id=\"0e2f1ce\" data-element_type=\"widget\" data-widget_type=\"heading.default\">\n\t\t\t\t<div class=\"elementor-widget-container\">\n\t\t\t<h2 class=\"elementor-heading-title elementor-size-default\">Documentos de Comunicaci\u00f3n y Enlace<\/h2>\t\t<\/div>\n\t\t\t\t<\/div>\n\t\t\t\t<div class=\"elementor-element elementor-element-9d979ce elementor-widget elementor-widget-text-editor\" data-id=\"9d979ce\" data-element_type=\"widget\" data-widget_type=\"text-editor.default\">\n\t\t\t\t<div class=\"elementor-widget-container\">\n\t\t\t\t\t\t\t<p>Documentos que peri\u00f3dicamente se publican y es el medio de los Equipos de Nuestra Se\u00f1ora para mantener informados de la vida de nuestra familia, ofreciendo asi mismo art\u00edculos de formaci\u00f3n de actualidad.<\/p>\t\t\t\t\t\t<\/div>\n\t\t\t\t<\/div>\n\t\t\t\t<div class=\"elementor-element elementor-element-845a402 elementor-widget elementor-widget-text-editor\" data-id=\"845a402\" data-element_type=\"widget\" data-widget_type=\"text-editor.default\">\n\t\t\t\t<div class=\"elementor-widget-container\">\n\t\t\t\t\t\t\t<ul><li><a class=\"jce_file\" title=\"Correo del ERI\" href=\"http:\/\/www.equipes-notre-dame.com\/es\/comunicacion-y-enlace\/correo-del-eri\" target=\"_blank\" rel=\"noopener\">Correo del ERI<\/a><\/li><li><a class=\"jce_file\" title=\"Carta Internacional\" href=\"http:\/\/www.equipes-notre-dame.com\/es\/la-vida-del-movimiento\/noticias\" target=\"_blank\" rel=\"noopener\">Carta Internacional<\/a><\/li><li><a class=\"jce_file\" title=\"Carta Hispanoam\u00e9rica\" href=\"http:\/\/www.enshispanoamerica.org\/index.php?option=com_phocadownload&amp;view=category&amp;id=4&amp;Itemid=135\" target=\"_blank\" rel=\"noopener\">Carta Hispanoam\u00e9rica<\/a><\/li><li><a class=\"jce_file\" title=\"Bolet\u00edn: &quot;Amigos del Padre Caffarel&quot;\" href=\"http:\/\/www.henri-caffarel.org\/pages_es\/bulletin.html\" target=\"_blank\" rel=\"noopener\">Bolet\u00edn: \u00abAmigos del Padre Caffarel\u00bb<\/a><\/li><li><a class=\"jce_file\" title=\"Bolet\u00edn: &quot;LimENS&quot;\" href=\"2011-09-25-23-25-26\/47-cartas-de-informacion-y-formacion-del-movimiento\/119-boletin-limens.html\" target=\"_blank\" rel=\"noopener\">Bolet\u00edn: \u00abLimaENS\u00bb<\/a><\/li><\/ul>\t\t\t\t\t\t<\/div>\n\t\t\t\t<\/div>\n\t\t\t\t<\/div>\n\t\t\t\t\t<\/div>\n\t\t\t\t<\/div>\n\t\t\t\t\t\t\t<\/div>\n\t\t","protected":false},"excerpt":{"rendered":"<p>Documentos \u00abNo Tengan Miedo, Salgamos\u00bb\u201d (Orientaci\u00f3n General 2018 &#8211; 2024:) Documentos del Movimiento Presentamos los documentos para la formaci\u00f3n en los Equipos de Nuestra Se\u00f1ora, clasificados seg\u00fan la etapa de formaci\u00f3n en la que se encuentra el equipo. Documentos Fundacionales Son los documentos b\u00e1sicos del movimiento que se\u00f1alan los fundamentos sobre los cuales se establece &hellip;<\/p>\n<p class=\"read-more\"> <a class=\"\" href=\"https:\/\/www.ensperu.org\/?page_id=2200\"> <span class=\"screen-reader-text\">Documentos<\/span> Leer m\u00e1s &raquo;<\/a><\/p>\n","protected":false},"author":1,"featured_media":0,"parent":0,"menu_order":0,"comment_status":"closed","ping_status":"closed","template":"","meta":{"_eb_attr":"","site-sidebar-layout":"no-sidebar","site-content-layout":"","ast-site-content-layout":"full-width-container","site-content-style":"default","site-sidebar-style":"default","ast-global-header-display":"","ast-banner-title-visibility":"","ast-main-header-display":"","ast-hfb-above-header-display":"","ast-hfb-below-header-display":"","ast-hfb-mobile-header-display":"","site-post-title":"disabled","ast-breadcrumbs-content":"","ast-featured-img":"disabled","footer-sml-layout":"","theme-transparent-header-meta":"","adv-header-id-meta":"","stick-header-meta":"","header-above-stick-meta":"","header-main-stick-meta":"","header-below-stick-meta":"","astra-migrate-meta-layouts":"","footnotes":""},"class_list":["post-2200","page","type-page","status-publish","hentry"],"_links":{"self":[{"href":"https:\/\/www.ensperu.org\/index.php?rest_route=\/wp\/v2\/pages\/2200","targetHints":{"allow":["GET"]}}],"collection":[{"href":"https:\/\/www.ensperu.org\/index.php?rest_route=\/wp\/v2\/pages"}],"about":[{"href":"https:\/\/www.ensperu.org\/index.php?rest_route=\/wp\/v2\/types\/page"}],"author":[{"embeddable":true,"href":"https:\/\/www.ensperu.org\/index.php?rest_route=\/wp\/v2\/users\/1"}],"replies":[{"embeddable":true,"href":"https:\/\/www.ensperu.org\/index.php?rest_route=%2Fwp%2Fv2%2Fcomments&post=2200"}],"version-history":[{"count":31,"href":"https:\/\/www.ensperu.org\/index.php?rest_route=\/wp\/v2\/pages\/2200\/revisions"}],"predecessor-version":[{"id":2693,"href":"https:\/\/www.ensperu.org\/index.php?rest_route=\/wp\/v2\/pages\/2200\/revisions\/2693"}],"wp:attachment":[{"href":"https:\/\/www.ensperu.org\/index.php?rest_route=%2Fwp%2Fv2%2Fmedia&parent=2200"}],"curies":[{"name":"wp","href":"https:\/\/api.w.org\/{rel}","templated":true}]}}